{"id":9,"date":"2023-04-28T11:34:35","date_gmt":"2023-04-28T09:34:35","guid":{"rendered":"http:\/\/handballclublille.fr\/?page_id=9"},"modified":"2025-08-14T19:33:30","modified_gmt":"2025-08-14T17:33:30","slug":"a-propos-de","status":"publish","type":"page","link":"https:\/\/handballclublille.fr\/index.php\/a-propos-de\/","title":{"rendered":"\u00c0 propos de nous"},"content":{"rendered":"\n<p>Le Handball Club de Lille est un club associatif et mixte ouvert aux personnes majeur(e)s qui souhaitent pratiquer le handball sans les contraintes de la comp\u00e9tition.<\/p>\n\n\n\n<p>Le club compte une cinquantaine d\u2019adh\u00e9rent(e)s, de tous horizons et de tous niveaux, autour du fair-play, pour partager de bons moments sur les terrains et en dehors. Le dynamisme de l\u2019association repose en grande partie sur l\u2019implication, b\u00e9n\u00e9vole, de ses adh\u00e9rents.<\/p>\n\n\n\n<p>Nos activit\u00e9s sont uniquement guid\u00e9es par le plaisir de jouer au handball et la volont\u00e9<br>d\u2019entretenir la condition physique. L\u2019esprit de comp\u00e9titivit\u00e9 s\u2019impose \u00e0 chacun dans sa pratique et ses objectifs<\/p>\n\n\n\n<p><\/p>\n\n\n\n<p><em>En quelques chiffres<\/em><\/p>\n\n\n\n<p><strong>1<\/strong> : seule association de handball au sein de la ville de Lille<br><strong>2<\/strong> : \u00e9quipes pr\u00e9sents dans le tournoi amical<br><strong>10<\/strong> : membres au sein du bureau<br><strong>20 <\/strong>: \u00e2ge d\u2019association<br><strong>50 <\/strong>: nombre d\u2019adh\u00e9rents<br><strong>70 <\/strong>: prix de l\u2019adh\u00e9sion<\/p>\n","protected":false},"excerpt":{"rendered":"<p>Le Handball Club de Lille est un club associatif et mixte ouvert aux personnes majeur(e)s qui souhaitent pratiquer le handball sans les contraintes de la comp\u00e9tition. Le club compte une cinquantaine d\u2019adh\u00e9rent(e)s, de tous horizons et de tous niveaux, autour du fair-play, pour partager de bons moments sur les terrains et en dehors. Le dynamisme &hellip; <\/p>\n<p class=\"link-more\"><a href=\"https:\/\/handballclublille.fr\/index.php\/a-propos-de\/\" class=\"more-link\">Continue reading<span class=\"screen-reader-text\"> &#8220;\u00c0 propos de nous&#8221;<\/span><\/a><\/p>\n","protected":false},"author":1,"featured_media":99,"parent":0,"menu_order":0,"comment_status":"closed","ping_status":"closed","template":"","meta":{"footnotes":""},"class_list":["post-9","page","type-page","status-publish","has-post-thumbnail","hentry"],"_links":{"self":[{"href":"https:\/\/handballclublille.fr\/index.php\/wp-json\/wp\/v2\/pages\/9","targetHints":{"allow":["GET"]}}],"collection":[{"href":"https:\/\/handballclublille.fr\/index.php\/wp-json\/wp\/v2\/pages"}],"about":[{"href":"https:\/\/handballclublille.fr\/index.php\/wp-json\/wp\/v2\/types\/page"}],"author":[{"embeddable":true,"href":"https:\/\/handballclublille.fr\/index.php\/wp-json\/wp\/v2\/users\/1"}],"replies":[{"embeddable":true,"href":"https:\/\/handballclublille.fr\/index.php\/wp-json\/wp\/v2\/comments?post=9"}],"version-history":[{"count":6,"href":"https:\/\/handballclublille.fr\/index.php\/wp-json\/wp\/v2\/pages\/9\/revisions"}],"predecessor-version":[{"id":85,"href":"https:\/\/handballclublille.fr\/index.php\/wp-json\/wp\/v2\/pages\/9\/revisions\/85"}],"wp:featuredmedia":[{"embeddable":true,"href":"https:\/\/handballclublille.fr\/index.php\/wp-json\/wp\/v2\/media\/99"}],"wp:attachment":[{"href":"https:\/\/handballclublille.fr\/index.php\/wp-json\/wp\/v2\/media?parent=9"}],"curies":[{"name":"wp","href":"https:\/\/api.w.org\/{rel}","templated":true}]}}